{"id":338,"date":"2019-03-21T19:44:53","date_gmt":"2019-03-21T18:44:53","guid":{"rendered":"http:\/\/umehotel.test\/?page_id=338"},"modified":"2019-04-09T14:52:21","modified_gmt":"2019-04-09T12:52:21","slug":"vaven","status":"publish","type":"page","link":"https:\/\/umehotel.se\/en\/vaven\/","title":{"rendered":"V\u00e4ven"},"content":{"rendered":"<h1><strong>U&amp;<\/strong>V\u00e4ven &#8211; stay in the city central cultural hub in Ume\u00e5<\/h1>\n<p>V\u00e4ven is the new cultural hub in Ume\u00e5. A single building complex housing interacting cultural and activities and experiences. The vision of V\u00e4ven (The Weave) is to host northern Scandinavia&#8217;s leading venue for meetings and culture.<\/p>\n<p>As a guest at U&amp;Me hotel you\u2019re staying in the heart of this venue. The indoor square, which is the first thing that meets you as you enter the building, houses the city library, theatre and music stage, a cinema, restaurants and caf\u00e9s, exhibition halls and meeting rooms. The indoor square is your lobby and the V\u00e4ven complex is part of your hotel experience.<\/p>\n<p>V\u00e4ven officially opened in 2014 \u2013 the year that Ume\u00e5 held the title of European Capital of Culture.<\/p>\n<p>We hope you&#8217;ll enjoy being a part of V\u00e4ven, creating a whole new hotel culture together with us.<\/p>\n","protected":false},"excerpt":{"rendered":"<p>U&amp;V\u00e4ven &#8211; stay in the city central cultural hub in Ume\u00e5 V\u00e4ven is the new cultural hub in Ume\u00e5. A single building complex housing&#8230;<\/p>\n","protected":false},"author":1,"featured_media":0,"parent":0,"menu_order":0,"comment_status":"closed","ping_status":"closed","template":"","meta":{"_acf_changed":false,"footnotes":""},"class_list":["post-338","page","type-page","status-publish","hentry"],"acf":[],"yoast_head":"<!-- This site is optimized with the Yoast SEO plugin v23.1 - https:\/\/yoast.com\/wordpress\/plugins\/seo\/ -->\n<title>V\u00e4ven - U&amp;Me Hotel Ume\u00e5<\/title>\n<meta name=\"description\" content=\"V\u00e4ven is Umea&#039;s new cultural centre, the vision is to create northern Scandinavia&#039;s leading venue for meetings, conferences, experiences and culture.\" \/>\n<meta name=\"robots\" content=\"index, follow, max-snippet:-1, max-image-preview:large, max-video-preview:-1\" \/>\n<link rel=\"canonical\" href=\"https:\/\/umehotel.se\/en\/vaven\/\" \/>\n<meta property=\"og:locale\" content=\"en_US\" \/>\n<meta property=\"og:type\" content=\"article\" \/>\n<meta property=\"og:title\" content=\"V\u00e4ven - U&amp;Me Hotel Ume\u00e5\" \/>\n<meta property=\"og:description\" content=\"V\u00e4ven is Umea&#039;s new cultural centre, the vision is to create northern Scandinavia&#039;s leading venue for meetings, conferences, experiences and culture.\" \/>\n<meta property=\"og:url\" content=\"https:\/\/umehotel.se\/en\/vaven\/\" \/>\n<meta property=\"og:site_name\" content=\"U&amp;Me Hotel Ume\u00e5\" \/>\n<meta property=\"article:publisher\" content=\"https:\/\/www.facebook.com\/umehotel\" \/>\n<meta property=\"article:modified_time\" content=\"2019-04-09T12:52:21+00:00\" \/>\n<meta property=\"og:image\" content=\"https:\/\/umehotel.se\/app\/uploads\/2019\/04\/ume-fb-image.png\" \/>\n\t<meta property=\"og:image:width\" content=\"698\" \/>\n\t<meta property=\"og:image:height\" content=\"368\" \/>\n\t<meta property=\"og:image:type\" content=\"image\/png\" \/>\n<meta name=\"twitter:card\" content=\"summary_large_image\" \/>\n<meta name=\"twitter:label1\" content=\"Est. reading time\" \/>\n\t<meta name=\"twitter:data1\" content=\"1 minute\" \/>\n<script type=\"application\/ld+json\" class=\"yoast-schema-graph\">{\"@context\":\"https:\/\/schema.org\",\"@graph\":[{\"@type\":\"WebPage\",\"@id\":\"https:\/\/umehotel.se\/en\/vaven\/\",\"url\":\"https:\/\/umehotel.se\/en\/vaven\/\",\"name\":\"V\u00e4ven - U&amp;Me Hotel Ume\u00e5\",\"isPartOf\":{\"@id\":\"https:\/\/umehotel.se\/#website\"},\"datePublished\":\"2019-03-21T18:44:53+00:00\",\"dateModified\":\"2019-04-09T12:52:21+00:00\",\"description\":\"V\u00e4ven is Umea's new cultural centre, the vision is to create northern Scandinavia's leading venue for meetings, conferences, experiences and culture.\",\"breadcrumb\":{\"@id\":\"https:\/\/umehotel.se\/en\/vaven\/#breadcrumb\"},\"inLanguage\":\"en-US\",\"potentialAction\":[{\"@type\":\"ReadAction\",\"target\":[\"https:\/\/umehotel.se\/en\/vaven\/\"]}]},{\"@type\":\"BreadcrumbList\",\"@id\":\"https:\/\/umehotel.se\/en\/vaven\/#breadcrumb\",\"itemListElement\":[{\"@type\":\"ListItem\",\"position\":1,\"name\":\"Hem\",\"item\":\"https:\/\/umehotel.se\/en\/\"},{\"@type\":\"ListItem\",\"position\":2,\"name\":\"V\u00e4ven\"}]},{\"@type\":\"WebSite\",\"@id\":\"https:\/\/umehotel.se\/#website\",\"url\":\"https:\/\/umehotel.se\/\",\"name\":\"U&amp;Me Hotel Ume\u00e5\",\"description\":\"New hotel culture\",\"potentialAction\":[{\"@type\":\"SearchAction\",\"target\":{\"@type\":\"EntryPoint\",\"urlTemplate\":\"https:\/\/umehotel.se\/?s={search_term_string}\"},\"query-input\":\"required name=search_term_string\"}],\"inLanguage\":\"en-US\"}]}<\/script>\n<!-- \/ Yoast SEO plugin. -->","yoast_head_json":{"title":"V\u00e4ven - U&amp;Me Hotel Ume\u00e5","description":"V\u00e4ven is Umea's new cultural centre, the vision is to create northern Scandinavia's leading venue for meetings, conferences, experiences and culture.","robots":{"index":"index","follow":"follow","max-snippet":"max-snippet:-1","max-image-preview":"max-image-preview:large","max-video-preview":"max-video-preview:-1"},"canonical":"https:\/\/umehotel.se\/en\/vaven\/","og_locale":"en_US","og_type":"article","og_title":"V\u00e4ven - U&amp;Me Hotel Ume\u00e5","og_description":"V\u00e4ven is Umea's new cultural centre, the vision is to create northern Scandinavia's leading venue for meetings, conferences, experiences and culture.","og_url":"https:\/\/umehotel.se\/en\/vaven\/","og_site_name":"U&amp;Me Hotel Ume\u00e5","article_publisher":"https:\/\/www.facebook.com\/umehotel","article_modified_time":"2019-04-09T12:52:21+00:00","og_image":[{"width":698,"height":368,"url":"https:\/\/umehotel.se\/app\/uploads\/2019\/04\/ume-fb-image.png","type":"image\/png"}],"twitter_card":"summary_large_image","twitter_misc":{"Est. reading time":"1 minute"},"schema":{"@context":"https:\/\/schema.org","@graph":[{"@type":"WebPage","@id":"https:\/\/umehotel.se\/en\/vaven\/","url":"https:\/\/umehotel.se\/en\/vaven\/","name":"V\u00e4ven - U&amp;Me Hotel Ume\u00e5","isPartOf":{"@id":"https:\/\/umehotel.se\/#website"},"datePublished":"2019-03-21T18:44:53+00:00","dateModified":"2019-04-09T12:52:21+00:00","description":"V\u00e4ven is Umea's new cultural centre, the vision is to create northern Scandinavia's leading venue for meetings, conferences, experiences and culture.","breadcrumb":{"@id":"https:\/\/umehotel.se\/en\/vaven\/#breadcrumb"},"inLanguage":"en-US","potentialAction":[{"@type":"ReadAction","target":["https:\/\/umehotel.se\/en\/vaven\/"]}]},{"@type":"BreadcrumbList","@id":"https:\/\/umehotel.se\/en\/vaven\/#breadcrumb","itemListElement":[{"@type":"ListItem","position":1,"name":"Hem","item":"https:\/\/umehotel.se\/en\/"},{"@type":"ListItem","position":2,"name":"V\u00e4ven"}]},{"@type":"WebSite","@id":"https:\/\/umehotel.se\/#website","url":"https:\/\/umehotel.se\/","name":"U&amp;Me Hotel Ume\u00e5","description":"New hotel culture","potentialAction":[{"@type":"SearchAction","target":{"@type":"EntryPoint","urlTemplate":"https:\/\/umehotel.se\/?s={search_term_string}"},"query-input":"required name=search_term_string"}],"inLanguage":"en-US"}]}},"_links":{"self":[{"href":"https:\/\/umehotel.se\/en\/wp-json\/wp\/v2\/pages\/338","targetHints":{"allow":["GET"]}}],"collection":[{"href":"https:\/\/umehotel.se\/en\/wp-json\/wp\/v2\/pages"}],"about":[{"href":"https:\/\/umehotel.se\/en\/wp-json\/wp\/v2\/types\/page"}],"author":[{"embeddable":true,"href":"https:\/\/umehotel.se\/en\/wp-json\/wp\/v2\/users\/1"}],"replies":[{"embeddable":true,"href":"https:\/\/umehotel.se\/en\/wp-json\/wp\/v2\/comments?post=338"}],"version-history":[{"count":2,"href":"https:\/\/umehotel.se\/en\/wp-json\/wp\/v2\/pages\/338\/revisions"}],"predecessor-version":[{"id":431,"href":"https:\/\/umehotel.se\/en\/wp-json\/wp\/v2\/pages\/338\/revisions\/431"}],"wp:attachment":[{"href":"https:\/\/umehotel.se\/en\/wp-json\/wp\/v2\/media?parent=338"}],"curies":[{"name":"wp","href":"https:\/\/api.w.org\/{rel}","templated":true}]}}